{"id":3,"date":"2024-10-28T16:23:48","date_gmt":"2024-10-28T16:23:48","guid":{"rendered":"https:\/\/vesgrupo.es\/?page_id=3"},"modified":"2024-11-20T13:35:08","modified_gmt":"2024-11-20T13:35:08","slug":"politica-de-privacidad","status":"publish","type":"page","link":"https:\/\/vesgrupo.es\/index.php\/politica-de-privacidad\/","title":{"rendered":"Pol\u00edtica de privacidad"},"content":{"rendered":"\t\t<div data-elementor-type=\"wp-page\" data-elementor-id=\"3\" class=\"elementor elementor-3\" data-elementor-post-type=\"page\">\n\t\t\t\t<div class=\"elementor-element elementor-element-c046081 e-flex e-con-boxed e-con e-parent\" data-id=\"c046081\" data-element_type=\"container\" data-e-type=\"container\">\n\t\t\t\t\t<div class=\"e-con-inner\">\n\t\t\t\t<div class=\"elementor-element elementor-element-767c13cf elementor-widget elementor-widget-text-editor\" data-id=\"767c13cf\" data-element_type=\"widget\" data-e-type=\"widget\" data-widget_type=\"text-editor.default\">\n\t\t\t\t<div class=\"elementor-widget-container\">\n\t\t\t\t\t\t\t\t\t\n<h2 class=\"wp-block-heading\">Responsable<\/h2>\n\n<figure class=\"wp-block-table\">\n<table class=\"has-fixed-layout\">\n<tbody>\n<tr>\n<td>Nombre<\/td>\n<td>Ves Grupo<\/td>\n<\/tr>\n<tr>\n<td>CIF\/NIF<\/td>\n<td>B93308880<\/td>\n<\/tr>\n<tr>\n<td>Direcci\u00f3n<\/td>\n<td>C\/ Alcalde G\u00f3mez G\u00f3mez 17. 29006 M\u00e1laga<\/td>\n<\/tr>\n<tr>\n<td>Tel\u00e9fono<\/td>\n<td>625 563 910<\/td>\n<\/tr>\n<tr>\n<td>e-mail<\/td>\n<td>hola@vesgrupo.com<\/td>\n<\/tr>\n<\/tbody>\n<\/table>\n<\/figure>\n\n<h3 class=\"wp-block-heading\">Qu\u00e9 datos personales recogemos y por qu\u00e9<\/h3>\n\n<p>Al contactar con nosotros (ya sea de forma telef\u00f3nica, a trav\u00e9s del correo electr\u00f3nico o mediante formularios de contacto) recogemos tu <em><strong>nombre<\/strong><\/em>, <em><strong>direcci\u00f3n de correo electr<\/strong><\/em><strong><em>\u00f3nico<\/em><\/strong> y <strong><em>n\u00famero de tel\u00e9fono<\/em><\/strong> con la intenci\u00f3n de dirigirnos a ti y\/o responder la consulta que nos planteas. Estos datos podr\u00e1n ser usados en futuras comunicaciones derivadas del contacto inicial, pero siempre se usar\u00e1n dentro del contexto de los servicios ofrecidos por el responsable. El el caso de editores o administradores de este sitio, la web solo recopila los datos mostrados en la pantalla del perfil de usuario.<\/p>\n\n<h3 class=\"wp-block-heading\">Qui\u00e9n puede acceder a tus datos<\/h3>\n\n<p>Tus datos personales son recogidos y almacenados por el responsable. Tus datos no ser\u00e1n cedidos a terceras empresas a no ser que exista un consentimiento expreso por tu parte. Tus datos podr\u00e1n ser cedidos a Administraciones, Autoridades y Organismos P\u00fablicos, incluidos Juzgados y Tribunales, cuando as\u00ed lo exija la normativa aplicable.<\/p>\n\n<h3 class=\"wp-block-heading\">Cu\u00e1nto tiempo conservamos tus datos<\/h3>\n\n<p>En esta secci\u00f3n deber\u00e1s explicar durante cu\u00e1nto tiempo conservar\u00e1n los datos personales recopilados o procesados por la web. Si bien es tu responsabilidad establecer por cu\u00e1nto tiempo se conservar\u00e1 cada conjunto de datos y por qu\u00e9 lo conservas, esa informaci\u00f3n debe figurar aqu\u00ed. Por ejemplo, puedes decir que mantienes las entradas del formulario de contacto durante seis meses, los registros de anal\u00edtica durante un a\u00f1o, y los registros de compras de clientes durante diez a\u00f1os.<\/p>\n\n<h3 class=\"wp-block-heading\">Qu\u00e9 derechos tienes sobre tus datos<\/h3>\n\n<p>Puedes ejercer tus derechos a trav\u00e9s de los medios de contacto indicados en el apartado <strong><em>Responsable <\/em><\/strong>al principio de este mismo documento.<\/p>\n\n<ul class=\"wp-block-list\">\n<li><strong>Acceso:<\/strong> puedes consultar los datos que guardamos sobre ti.<\/li>\n\n<li><strong>Rectificaci\u00f3n:<\/strong> puedes solicitar un cambio en los datos que guardamos sobre ti.<\/li>\n\n<li><strong>Eliminaci\u00f3n:<\/strong>\u00a0puedes solicitar la eliminaci\u00f3n de los datos que guardamos sobre ti.<\/li>\n\n<li><strong>Limitaci\u00f3n<\/strong>: puedes limitar la forma en la que se usan tus datos de contacto.<\/li>\n\n<li><strong>Oposici\u00f3n<\/strong>: puedes oponerte al tratamiento de tus datos. En este caso el responsable dejar\u00e1 tratar los datos, salvo que por motivos leg\u00edtimos o para el ejercicio o defensa de posibles reclamaciones, estos deban seguir siendo tratados.<\/li>\n\n<li><strong>Portabilidad<\/strong>: en caso de que quiera que sus datos sean cedidos a una tercera entidad, el responsable podr\u00e1 facilitar la transferencia de datos en su nombre con su autorizaci\u00f3n expresa.<\/li>\n<\/ul>\n\n<h3 class=\"wp-block-heading\">C\u00f3mo protegemos tus datos<\/h3>\n\n<p>Los datos recogidos a trav\u00e9s del formulario de contacto se env\u00edan directamente a la direcci\u00f3n de correo electr\u00f3nico del responsable y no quedan almacenados en la base de datos de esta web. El responsable cuenta con un sistema de seguridad para proteger los equipos y documentos en los que puedan estar registrados tus datos.<\/p>\n\n<h3 class=\"wp-block-heading\">Uso de cookies<\/h3>\n<h1><span style=\"font-size: small;\">En cumplimiento de la Ley 34\/2002, de 11 de julio, de Servicios de la Sociedad de la Informaci\u00f3n y Comercio Electr\u00f3nico informamos al Usuario de la utilizaci\u00f3n de cookies en la web de VES Sanirbos,SLU.<\/span><\/h1>\n<div>\n<p>Una cookie es un fichero que se descarga en el ordenador o el dispositivo del Usuario (smartphone, tableta, televisi\u00f3n conectada etc) al acceder a determinadas p\u00e1ginas web. Las cookies permiten, entre otras cosas, recopilar informaci\u00f3n estad\u00edstica, facilitar ciertas funcionalidades t\u00e9cnicas, almacenar y recuperar informaci\u00f3n sobre los h\u00e1bitos de navegaci\u00f3n o preferencias de un Usuario o de su equipo y, dependiendo de la informaci\u00f3n que contengan y de la forma en que utilice su equipo, pueden utilizarse para reconocer al Usuario, recordar aspectos del Usuario como su idioma, pa\u00eds, navegador, etc. En caso de no querer recibir cookies, el Usuario podr\u00e1 configurar su navegador para que las borre del disco duro de su ordenador, las bloquee o le avise en su caso de instalaci\u00f3n de las mismas. Para continuar sin cambios en la configuraci\u00f3n de las cookies, simplemente, contin\u00faa navegando en la p\u00e1gina web<\/p>\n<\/div>\n<h3><span style=\"font-size: small;\">Otras cookies<\/span><\/h3>\n<p>En alguna p\u00e1gina del Sitio Web se puede mostrar contenido embebido o invocado a trav\u00e9s del cual se pueden estar instalando cookies de terceros. Por ejemplo, cookies de META: P\u00e1gina de Cookies de Facebook, etc. Cuando se incluyen estos contenidos en el Sitio Web se intenta que la \u00fanica finalidad de estas cookies sea t\u00e9cnica. Los terceros que prestan los contenidos pueden decidir cambiar la finalidad de estas cookies, por lo que se revisan estas p\u00e1ginas cada cierto tiempo.<\/p>\n<h3><span style=\"font-size: small;\">Configuraci\u00f3n de cookies<\/span><\/h3>\n<p>El Usuario puede permitir, bloquear o eliminar las cookies instaladas en su equipo mediante la configuraci\u00f3n de las opciones de su navegador. Puedes encontrar informaci\u00f3n sobre c\u00f3mo hacerlo, en relaci\u00f3n con los navegadores m\u00e1s comunes, en los links que se incluyen a continuaci\u00f3n:<\/p>\n<p>-Para\u00a0<a href=\"http:\/\/windows.microsoft.com\/es-es\/internet-explorer\/delete-manage-cookies#ie=ie-11\" target=\"_blank\" rel=\"noreferrer noopener\">Internet Explorer TM<\/a><\/p>\n<p>-Para\u00a0<a href=\"http:\/\/www.apple.com\/legal\/privacy\/es\/cookies\/\" target=\"_blank\" rel=\"noreferrer noopener\">Safari TM<\/a><\/p>\n<p>-Para\u00a0<a href=\"https:\/\/support.google.com\/chrome\/answer\/95647?hl=es\" target=\"_blank\" rel=\"noreferrer noopener\">Chrome TM<\/a><\/p>\n<p>-Para\u00a0<a href=\"https:\/\/support.mozilla.org\/es\/kb\/cookies-informacion-que-los-sitios-web-guardan-en-?redirectlocale=en-US&amp;redirectslug=Cookies\" target=\"_blank\" rel=\"noreferrer noopener\">Firefox TM<\/a><\/p>\n<p>-Para\u00a0<a href=\"https:\/\/www.opera.com\/help\/tutorials\/security\/cookies\/#sitenav\" target=\"_blank\" rel=\"noreferrer noopener\">Opera TM<\/a><\/p>\n<p>-Para\u00a0<a href=\"https:\/\/privacy.microsoft.com\/es-es\/windows-10-microsoft-edge-and-privacy\" target=\"_blank\" rel=\"noreferrer noopener\">Edge TM<\/a><\/p>\n<h3><span style=\"font-size: small;\">Aceptaci\u00f3n de cookies<\/span><\/h3>\n<p>Al acceder a este sitio web por primera vez, ver\u00e1s una ventana d\u00f3nde se informa de la utilizaci\u00f3n de las cookies y donde puedes consultar esta Pol\u00edtica de cookies. Puedes cambiar la configuraci\u00f3n de cookies en cualquier momento, configurando el navegador para aceptar, o no, las cookies que recibes o para que el navegador te avise cuando un servidor quiera guardar una cookie. Te informamos de que, en el caso de bloquear o no aceptar la instalaci\u00f3n de cookies, es posible que ciertos servicios no est\u00e9n disponibles sin la utilizaci\u00f3n de \u00e9stas o que no pueda acceder a determinados servicios ni tampoco aprovechar por completo todo lo que nuestra web ofrece.<\/p>\n\t\t\t\t\t\t\t\t<\/div>\n\t\t\t\t<\/div>\n\t\t\t\t\t<\/div>\n\t\t\t\t<\/div>\n\t\t\t\t<\/div>\n\t\t","protected":false},"excerpt":{"rendered":"<p>Responsable Nombre Ves Grupo CIF\/NIF B93308880 Direcci\u00f3n C\/ Alcalde G\u00f3mez G\u00f3mez 17. 29006 M\u00e1laga Tel\u00e9fono 625 563 910 e-mail hola@vesgrupo.com Qu\u00e9 datos personales recogemos y por qu\u00e9 Al contactar con nosotros (ya sea de forma telef\u00f3nica, a trav\u00e9s del correo electr\u00f3nico o mediante formularios de contacto) recogemos tu nombre, direcci\u00f3n de correo electr\u00f3nico y n\u00famero&#8230;<\/p>\n","protected":false},"author":1,"featured_media":0,"parent":0,"menu_order":0,"comment_status":"closed","ping_status":"open","template":"","meta":{"_kad_post_transparent":"","_kad_post_title":"","_kad_post_layout":"","_kad_post_sidebar_id":"","_kad_post_content_style":"","_kad_post_vertical_padding":"","_kad_post_feature":"","_kad_post_feature_position":"","_kad_post_header":false,"_kad_post_footer":false,"footnotes":""},"class_list":["post-3","page","type-page","status-publish","hentry"],"_links":{"self":[{"href":"https:\/\/vesgrupo.es\/index.php\/wp-json\/wp\/v2\/pages\/3","targetHints":{"allow":["GET"]}}],"collection":[{"href":"https:\/\/vesgrupo.es\/index.php\/wp-json\/wp\/v2\/pages"}],"about":[{"href":"https:\/\/vesgrupo.es\/index.php\/wp-json\/wp\/v2\/types\/page"}],"author":[{"embeddable":true,"href":"https:\/\/vesgrupo.es\/index.php\/wp-json\/wp\/v2\/users\/1"}],"replies":[{"embeddable":true,"href":"https:\/\/vesgrupo.es\/index.php\/wp-json\/wp\/v2\/comments?post=3"}],"version-history":[{"count":4,"href":"https:\/\/vesgrupo.es\/index.php\/wp-json\/wp\/v2\/pages\/3\/revisions"}],"predecessor-version":[{"id":184,"href":"https:\/\/vesgrupo.es\/index.php\/wp-json\/wp\/v2\/pages\/3\/revisions\/184"}],"wp:attachment":[{"href":"https:\/\/vesgrupo.es\/index.php\/wp-json\/wp\/v2\/media?parent=3"}],"curies":[{"name":"wp","href":"https:\/\/api.w.org\/{rel}","templated":true}]}}